{"id":535,"date":"2015-07-03T14:43:01","date_gmt":"2015-07-03T12:43:01","guid":{"rendered":"http:\/\/becetransfers.com.mialias.net\/?page_id=535"},"modified":"2021-10-19T21:00:12","modified_gmt":"2021-10-19T19:00:12","slug":"legal-privacidad","status":"publish","type":"page","link":"https:\/\/uhpon.es\/en\/legal-privacidad\/","title":{"rendered":"Legal note and Privacy"},"content":{"rendered":"<div  class='flex_column av-pgdlz-505e58085538024b7dd6ddf80c339dc9 av_one_half  avia-builder-el-0  el_before_av_one_half  avia-builder-el-first  first flex_column_div'     ><p>\n<style type=\"text\/css\" data-created_by=\"avia_inline_auto\" id=\"style-css-av-dm4pb-02f330b4de7abb3fbc612e76aa2df00d\">\n#top .av-special-heading.av-dm4pb-02f330b4de7abb3fbc612e76aa2df00d{\npadding-bottom:0;\ncolor:#ffffff;\n}\nbody .av-special-heading.av-dm4pb-02f330b4de7abb3fbc612e76aa2df00d .av-special-heading-tag .heading-char{\nfont-size:25px;\n}\n.av-special-heading.av-dm4pb-02f330b4de7abb3fbc612e76aa2df00d .special-heading-inner-border{\nborder-color:#ffffff;\n}\n.av-special-heading.av-dm4pb-02f330b4de7abb3fbc612e76aa2df00d .av-subheading{\nfont-size:15px;\n}\n<\/style>\n<div  class='av-special-heading av-dm4pb-02f330b4de7abb3fbc612e76aa2df00d av-special-heading-h2 custom-color-heading blockquote modern-quote  avia-builder-el-1  el_before_av_textblock  avia-builder-el-first'><h2 class='av-special-heading-tag'  itemprop=\"headline\"  >Nota Legal<\/h2><div class=\"special-heading-border\"><div class=\"special-heading-inner-border\"><\/div><\/div><\/div><br \/>\n<section  class='av_textblock_section av-lzoev-e7e0cec5d0ca2c1e827ac82dba923289'   itemscope=\"itemscope\" itemtype=\"https:\/\/schema.org\/CreativeWork\" ><div class='avia_textblock'  itemprop=\"text\" ><p><strong>1. INFORMACI\u00d3N CORPORATIVA<\/strong><\/p>\n<p>La presente Web es propiedad de PRODUCTOS UHPON S.A. con domicilio sito en Strauss, 19-21 \u2013 Pol. Ind. Can Jard\u00ed \u2013 08191 Rub\u00ed \u2013 Barcelona (Spain), con NIF A08062796, Inscrita en el Registro Mercantil de la Provincia de Barcelona con los siguientes datos (Tomo 25005, Folio 110, Hoja B81739).<\/p>\n<p>Datos de contacto:<br \/>\nTel\u00e9fono: +34 936 995 100<br \/>\nFax: +34 936 998 351<br \/>\ne-mail: <a href=\"mailto:uhpon@uhpon.es\">uhpon@uhpon.es<\/a><\/p>\n<p><strong>2. PROTECCI\u00d3N DE CONTENIDOS<\/strong><\/p>\n<p>El Usuario reconoce y acepta que todos los derechos de propiedad industrial e intelectual sobre los contenidos y\/o cualesquiera otros elementos insertados por PRODUCTOS UHPON S.A. en el presente Sitio Web (incluyendo, a t\u00edtulo meramente enunciativo y no limitativo, todos aquellos elementos que conforman la apariencia visual, imagen gr\u00e1fica y otros est\u00edmulos sensoriales de las p\u00e1ginas web que conforman el sitio web o \u00ablook and feel\u00bb, marcas, logotipos, nombres comerciales, textos, im\u00e1genes, gr\u00e1ficos, dise\u00f1os, sonidos, bases de datos, software, diagramas de flujo, presentaci\u00f3n, arquitectura de navegaci\u00f3n, as\u00ed como los c\u00f3digos fuente de las p\u00e1ginas web) pertenecen a PRODUCTOS UHPON S.A. y\/o a terceros que le han cedido sus derechos. A tales efectos, se entender\u00e1 como Sitio Web todas aquellas creaciones incorporadas y expresadas por PRODUCTOS UHPON S.A. por cualquier medio y\/o soporte tangible o intangible, conocido o por conocer, que sea objeto de protecci\u00f3n por las disposiciones normativas vigentes en materia de propiedad intelectual e industrial.<\/p>\n<p>En ning\u00fan caso el acceso al Sitio Web implica ning\u00fan tipo de permiso, renuncia, transmisi\u00f3n, licencia o cesi\u00f3n total ni parcial de dichos derechos por parte de sus titulares, salvo que se establezca expresamente lo contrario. Los presentes t\u00e9rminos y condiciones de uso del Sitio Web no confieren a los USUARIOS ning\u00fan otro derecho de utilizaci\u00f3n, alteraci\u00f3n, explotaci\u00f3n, reproducci\u00f3n, distribuci\u00f3n o comunicaci\u00f3n p\u00fablica del Sitio Web y\/o de sus contenidos distintos de los aqu\u00ed expresamente previstos. Cualquier otro uso o explotaci\u00f3n de cualesquiera derechos estar\u00e1 sujeto a las Condiciones Generales de la Contrataci\u00f3n que deber\u00e1n ser aceptadas para la descarga de los productos.<\/p>\n<p>Queda terminantemente prohibida la utilizaci\u00f3n de tales elementos, su total o parcial reproducci\u00f3n, comunicaci\u00f3n y\/o distribuci\u00f3n con fines comerciales o lucrativos, as\u00ed como su modificaci\u00f3n, alteraci\u00f3n, descompilaci\u00f3n y\/o cualquier otro acto de explotaci\u00f3n del Sitio Web. Sin perjuicio de todo lo anterior, si el Usuario o un tercero estima que alg\u00fan contenido del Sitio Web pudiera vulnerar derechos de propiedad intelectual e industrial, rogamos as\u00ed lo pongan en nuestro conocimiento a la mayor brevedad posible, remitiendo un correo electr\u00f3nico a la direcci\u00f3n uhpon@uhpon.es.<\/p>\n<p><strong>3. PROTECCI\u00d3N DE DATOS<\/strong><\/p>\n<p>PRODUCTOS UHPON S.A. ha adoptado las medidas de seguridad necesarias en virtud de lo establecido por el Reglamento (UE) 2016\/679 del Parlamento Europeo y del Consejo, de 27 de abril de 2016 (RGPD).<\/p>\n<p>Esta p\u00e1gina Web no utiliza cookies ni ning\u00fan otro tipo de mecanismo que pueda registrar informaci\u00f3n sobre el usuario que accede a modo de consulta al portal.<\/p>\n<p><strong>4. COOKIES<\/strong><\/p>\n<p>Esta p\u00e1gina Web no utiliza cookies ni ning\u00fan otro tipo de mecanismo que pueda registrar informaci\u00f3n sobre el usuario que accede al sitio web.<\/p>\n<p><strong>5. ACCESO Y USO DEL SITIO WEB<\/strong><\/p>\n<p>Tanto el acceso al Sitio Web como el uso no consentido que pueda efectuarse de la informaci\u00f3n contenida en el mismo es de la exclusiva responsabilidad de quien lo realiza. El Usuario se compromete a utilizar los contenidos, informaci\u00f3n y datos del Sitio Web de conformidad con las presentes condiciones, t\u00e9rminos y pol\u00edticas, con la normativa de aplicaci\u00f3n y con las buenas costumbres generalmente aceptadas y el orden p\u00fablico.<\/p>\n<p>El Usuario se obliga a abstenerse de utilizar los contenidos del presente Sitio Web con fines o efectos il\u00edcitos, prohibidos o contrarios a los aqu\u00ed establecido, lesivos de los derechos e intereses de PRODUCTOS UHPON S.A., de los dem\u00e1s usuarios, de terceros o que de cualquier forma puedan da\u00f1ar, inutilizar, sobrecargar o deteriorar el presente Sitio Web o impedir la normal utilizaci\u00f3n o disfrute de los mismos por parte de los usuarios.<\/p>\n<p>PRODUCTOS UHPON S.A. no responder\u00e1 de ninguna consecuencia, da\u00f1o o perjuicio que pudiera derivarse de dicho acceso o uso o del incumplimiento de las presentes condiciones, t\u00e9rminos y pol\u00edticas ni se har\u00e1 responsable de los errores de seguridad que se puedan producir ni de los da\u00f1os que puedan causarse al sistema inform\u00e1tico del Usuario (hardware y software) o a los ficheros o documentos almacenados en el mismo como consecuencia de: (i) la presencia de un virus en el ordenador del Usuario que sea utilizado para la conexi\u00f3n a los servicios y\/o productos ofrecidos por PRODUCTOS UHPON S.A. a trav\u00e9s de su Sitio Web; (ii) un mal funcionamiento del navegador; y (iii) el uso de versiones no actualizadas del mismo.<\/p>\n<p><strong>6. ENLACES A OTROS SITIOS WEB \/ HIPERV\u00cdNCULOS<\/strong><\/p>\n<p>En el presente Sitio Web se utilizan hiperv\u00ednculos que permitan un v\u00ednculo o enlace con otras p\u00e1ginas o sitios web. PRODUCTOS UHPON S.A. no se responsabiliza ni del contenido ni de las medidas de seguridad adoptadas por cualquier otra p\u00e1gina o sitio web a trav\u00e9s del cual se tiene acceso desde el presente Sitio Web o bien que permita un v\u00ednculo o enlace con este Sitio Web, sitios a los que accede el interesado bajo su exclusiva responsabilidad.<\/p>\n<p>Asimismo, tampoco se garantiza la ausencia de virus u otros elementos de los contenidos enlazados desde el Sitio Web de PRODUCTOS UHPON S.A. que puedan producir alteraciones en el sistema inform\u00e1tico (hardware y software) en los documentos o los ficheros del Usuario, excluyendo asimismo a PRODUCTOS UHPON S.A. de cualquier responsabilidad derivada de los da\u00f1os de cualquier \u00edndole ocasionados por todo lo anterior.<\/p>\n<p><strong>7. EXCLUSI\u00d3N DE GARANT\u00cdAS Y RESPONSABILIDAD<\/strong><\/p>\n<p>PRODUCTOS UHPON S.A. no garantiza la disponibilidad permanente de los productos ofrecidos en su Sitio Web, si bien llevar\u00e1 a cabo sus mejores esfuerzos para garantizar la regularidad y el buen funcionamiento de los mismos.<\/p>\n<p>A tales efectos, PRODUCTOS UHPON S.A. queda exonerado de cualquier tipo de responsabilidad por posibles da\u00f1os y perjuicios causados de cualquier \u00edndole y derivados de la falta de disponibilidad o continuidad del funcionamiento de los servicios por causas de fuerza mayor o de errores en las redes de transmisi\u00f3n de informaci\u00f3n ajenos a la voluntad de PRODUCTOS UHPON S.A.<\/p>\n<p><strong>8. MODIFICACI\u00d3N DE LOS T\u00c9RMINOS Y CONDICIONES DE USO, POL\u00cdTICA DE PRIVACIDAD Y DE PROTECCI\u00d3N DE DATOS<\/strong><\/p>\n<p>El Responsable del Fichero se reserva el derecho a modificar en todo momento y sin previo aviso las presentes condiciones, t\u00e9rminos y pol\u00edticas de privacidad para adaptarlas a las novedades legislativas o jurisprudenciales as\u00ed como a las modificaciones o pr\u00e1cticas de la industria, debiendo el Usuario consultar peri\u00f3dicamente las presentes condiciones, t\u00e9rminos y pol\u00edticas a fin de comprobar o cerciorarse de la existencia de modificaciones o cambios a las mismas, tomando como referencia la fecha de la \u00faltima actualizaci\u00f3n.<\/p>\n<p><strong>SECCI\u00d3N CONTACTO<\/strong><\/p>\n<p>La comunicaci\u00f3n remitida quedar\u00e1 incorporada a los sistemas de informaci\u00f3n de PRODUCTOS UHPON S.A. Dicha comunicaci\u00f3n se utilizar\u00e1 exclusivamente para atender a su solicitud. Mediante la indicaci\u00f3n de sus datos, y de conformidad con lo establecido en el RGDP., Vd. otorga consentimiento inequ\u00edvoco a PRODUCTOS UHPON S.A., para que proceda, en cumplimiento de los fines mencionados en el apartado anterior, al tratamiento de los datos personales facilitados. Asimismo, dicho consentimiento se extiende a la cesi\u00f3n de los datos de acuerdo con la legislaci\u00f3n aplicable.<\/p>\n<p>En cualquier momento usted podr\u00e1 ejercitar sus derechos, solicit\u00e1ndolos por escrito con indicaci\u00f3n de sus datos a la PRODUCTOS UHPON S.A., en el domicilio Strauss, 19-21 \u2013 Pol. Ind. Can Jard\u00ed \u2013 08191 Rub\u00ed \u2013 Barcelona (Spain).<\/p>\n<\/div><\/section><\/p><\/div>\n<style type=\"text\/css\" data-created_by=\"avia_inline_auto\" id=\"style-css-av-ghxl3-5fffe94e388a2c8fe1025be205221b17\">\n.flex_column.av-ghxl3-5fffe94e388a2c8fe1025be205221b17{\nborder-radius:0px 0px 0px 0px;\npadding:0px 0px 0px 0px;\n}\n<\/style>\n<div  class='flex_column av-ghxl3-5fffe94e388a2c8fe1025be205221b17 av_one_half  avia-builder-el-3  el_after_av_one_half  avia-builder-el-last  flex_column_div av-zero-column-padding'     ><p>\n<style type=\"text\/css\" data-created_by=\"avia_inline_auto\" id=\"style-css-av-9g9n3-74682c1506c9523b1ef834d031cc3b2a\">\n#top .av-special-heading.av-9g9n3-74682c1506c9523b1ef834d031cc3b2a{\npadding-bottom:0;\ncolor:#ffffff;\n}\nbody .av-special-heading.av-9g9n3-74682c1506c9523b1ef834d031cc3b2a .av-special-heading-tag .heading-char{\nfont-size:25px;\n}\n.av-special-heading.av-9g9n3-74682c1506c9523b1ef834d031cc3b2a .special-heading-inner-border{\nborder-color:#ffffff;\n}\n.av-special-heading.av-9g9n3-74682c1506c9523b1ef834d031cc3b2a .av-subheading{\nfont-size:15px;\n}\n<\/style>\n<div  class='av-special-heading av-9g9n3-74682c1506c9523b1ef834d031cc3b2a av-special-heading-h2 custom-color-heading blockquote modern-quote  avia-builder-el-4  el_before_av_textblock  avia-builder-el-first'><h2 class='av-special-heading-tag'  itemprop=\"headline\"  >Privacidad<\/h2><div class=\"special-heading-border\"><div class=\"special-heading-inner-border\"><\/div><\/div><\/div><br \/>\n<section  class='av_textblock_section av-lzoev-e7e0cec5d0ca2c1e827ac82dba923289'   itemscope=\"itemscope\" itemtype=\"https:\/\/schema.org\/CreativeWork\" ><div class='avia_textblock'  itemprop=\"text\" ><p><strong>POL\u00cdTICA DE PROTECCI\u00d3N DE DATOS UHPON<\/strong><\/p>\n<p>En cumplimiento del Reglamento (UE) 2016\/679 del Parlamento Europeo y del Consejo, de 27 de abril de 2016 (RGPD) y de la normativa vigente en materia de protecci\u00f3n de datos, ponemos en su conocimiento que el responsable del tratamiento de sus datos es:<\/p>\n<p><em>PRODUCTOS UHPON, S.A.<\/em><br \/>\nCIF: A08062796<br \/>\nDomicilio en C\/ Strauss, 19-21 Pol. Ind. Can Jard\u00ed<br \/>\n08191 Rub\u00ed Barcelona<br \/>\nBarcelona<\/p>\n<p><strong>1. FINALIDADES<\/strong><\/p>\n<p>PRODUCTOS UHPON S.A le informa que tratamos los datos de car\u00e1cter personal que se nos facilitan para gestionar relaciones contractuales, y ofrecer a personas interesadas y a clientes de PRODUCTOS UHPON S.A informaci\u00f3n sobre productos relacionados con PRODUCTOS UHPON S.A, en concreto, informaci\u00f3n sobre:<\/p>\n<p>Proporcionar nuestros productos,<br \/>\nOfrecer y realizar soporte continuo de nuestros productos.<br \/>\nProporcionar informaci\u00f3n de nuestros productos,<br \/>\nPara gestionar los productos comprados o servicio contratado, as\u00ed como las tareas administrativas derivadas.<br \/>\nTambi\u00e9n podemos utilizar sus datos personales para otras finalidades y, para ello, le proporcionaremos un aviso espec\u00edfico en el momento de la recopilaci\u00f3n y obtendremos su consentimiento cuando sea necesario.<br \/>\nComunicarse con usted, incluyendo comunicaciones promocionales y gesti\u00f3n de las relaciones con los clientes.<br \/>\nAyudar en la gesti\u00f3n y mejora de nuestra empresa; por ejemplo, para mejorar nuestros productos,<br \/>\nCumplir con nuestras obligaciones legales, y<br \/>\nContabilidad y otros fines administrativos.<\/p>\n<p>Las comunicaciones sobre productos podr\u00e1n ser realizadas por cualquier medio, incluidos los medios electr\u00f3nicos. El interesado deber\u00e1 autorizar el env\u00edo de comunicaciones comerciales de forma expl\u00edcita, mediante el marcado de las correspondientes casillas, en cualquiera de los formularios de solicitud de datos, por ejemplo aquellos incluidos en nuestra p\u00e1gina web.<\/p>\n<p><strong>MEDIDAS DE SEGURIDAD<\/strong><\/p>\n<p>Que de conformidad con lo dispuesto en las normativas vigentes en protecci\u00f3n de datos personales, el RESPONSABLE est\u00e1 cumpliendo con todas las disposiciones de las normativas GDPR para el tratamiento de los datos personales de su responsabilidad, y manifiestamente con los principios descritos en el art\u00edculo 5 del GDPR, por los cuales son tratados de manera l\u00edcita, leal y transparente en relaci\u00f3n con el interesado y adecuados, pertinentes y limitados a lo necesario en relaci\u00f3n con los fines para los que son tratados.<\/p>\n<p>El RESPONSABLE garantiza que ha implementado pol\u00edticas t\u00e9cnicas y organizativas apropiadas para aplicar las medidas de seguridad que establecen el GDPR con el fin de proteger los derechos y libertades de los Usuarios y les ha comunicado la informaci\u00f3n adecuada para que puedan ejercerlos.<\/p>\n<p><strong>RECAPTCHA<\/strong><\/p>\n<p>This site is protected by reCAPTCHA and the Google <a href=\"https:\/\/policies.google.com\/privacy\">Privacy Policy<\/a> and <a href=\"https:\/\/policies.google.com\/terms\">Terms of Service<\/a> apply.<\/p>\n<\/div><\/section><\/p><\/div><\/p>","protected":false},"excerpt":{"rendered":"","protected":false},"author":4,"featured_media":0,"parent":0,"menu_order":0,"comment_status":"closed","ping_status":"closed","template":"","meta":{"footnotes":""},"class_list":["post-535","page","type-page","status-publish","hentry"],"_links":{"self":[{"href":"https:\/\/uhpon.es\/en\/wp-json\/wp\/v2\/pages\/535","targetHints":{"allow":["GET"]}}],"collection":[{"href":"https:\/\/uhpon.es\/en\/wp-json\/wp\/v2\/pages"}],"about":[{"href":"https:\/\/uhpon.es\/en\/wp-json\/wp\/v2\/types\/page"}],"author":[{"embeddable":true,"href":"https:\/\/uhpon.es\/en\/wp-json\/wp\/v2\/users\/4"}],"replies":[{"embeddable":true,"href":"https:\/\/uhpon.es\/en\/wp-json\/wp\/v2\/comments?post=535"}],"version-history":[{"count":0,"href":"https:\/\/uhpon.es\/en\/wp-json\/wp\/v2\/pages\/535\/revisions"}],"wp:attachment":[{"href":"https:\/\/uhpon.es\/en\/wp-json\/wp\/v2\/media?parent=535"}],"curies":[{"name":"wp","href":"https:\/\/api.w.org\/{rel}","templated":true}]}}